{"id":2029,"date":"2024-02-13T10:21:32","date_gmt":"2024-02-13T09:21:32","guid":{"rendered":"https:\/\/sabalear.es\/kontakt\/"},"modified":"2024-10-09T09:15:30","modified_gmt":"2024-10-09T07:15:30","slug":"kontakt","status":"publish","type":"page","link":"https:\/\/sabalear.es\/de\/kontakt\/","title":{"rendered":"Kontakt"},"content":{"rendered":"\t\t<div data-elementor-type=\"wp-page\" data-elementor-id=\"2029\" class=\"elementor elementor-2029 elementor-332\" data-elementor-post-type=\"page\">\n\t\t\t\t<div class=\"elementor-element elementor-element-5d7c17b9 e-flex e-con-boxed e-con e-parent\" data-id=\"5d7c17b9\" data-element_type=\"container\" data-settings=\"{&quot;background_background&quot;:&quot;classic&quot;}\">\n\t\t\t\t\t<div class=\"e-con-inner\">\n\t\t\t\t<div class=\"elementor-element elementor-element-2614410 elementor-widget elementor-widget-heading\" data-id=\"2614410\" data-element_type=\"widget\" data-widget_type=\"heading.default\">\n\t\t\t\t<div class=\"elementor-widget-container\">\n\t\t\t<h1 class=\"elementor-heading-title elementor-size-default\">Kontakt\n        <\/h1>\t\t<\/div>\n\t\t\t\t<\/div>\n\t\t\t\t\t<\/div>\n\t\t\t\t<\/div>\n\t\t<div class=\"elementor-element elementor-element-b37a13e e-flex e-con-boxed e-con e-parent\" data-id=\"b37a13e\" data-element_type=\"container\">\n\t\t\t\t\t<div class=\"e-con-inner\">\n\t\t<div class=\"elementor-element elementor-element-7dd39f9 e-con-full e-flex e-con e-child\" data-id=\"7dd39f9\" data-element_type=\"container\">\n\t\t\t\t<div class=\"elementor-element elementor-element-a65f72b elementor-widget elementor-widget-google_maps\" data-id=\"a65f72b\" data-element_type=\"widget\" data-widget_type=\"google_maps.default\">\n\t\t\t\t<div class=\"elementor-widget-container\">\n\t\t\t\t\t<div class=\"elementor-custom-embed\">\n\t\t\t<iframe loading=\"lazy\"\n\t\t\t\t\tdata-src=\"https:\/\/maps.google.com\/maps?q=Sa%20Balear&#038;t=m&#038;z=15&#038;output=embed&#038;iwloc=near\"\n\t\t\t\t\ttitle=\"Sa Balear\"\n\t\t\t\t\taria-label=\"Sa Balear\"\n\t\t\t src=\"data:image\/gif;base64,R0lGODlhAQABAAAAACH5BAEKAAEALAAAAAABAAEAAAICTAEAOw==\" class=\"lazyload\" data-load-mode=\"1\"><\/iframe>\n\t\t<\/div>\n\t\t\t\t<\/div>\n\t\t\t\t<\/div>\n\t\t\t\t<\/div>\n\t\t<div class=\"elementor-element elementor-element-36c41bf e-con-full e-flex e-con e-child\" data-id=\"36c41bf\" data-element_type=\"container\" data-settings=\"{&quot;background_background&quot;:&quot;classic&quot;}\">\n\t\t\t\t<div class=\"elementor-element elementor-element-44ada69 contacto elementor-widget elementor-widget-text-editor\" data-id=\"44ada69\" data-element_type=\"widget\" data-widget_type=\"text-editor.default\">\n\t\t\t\t<div class=\"elementor-widget-container\">\n\t\t\t\t\t\t\t<p>Tel.: <a href=\"tel:971552061\">971 55 20 61<\/a><\/p>\n<p>E-Mail: <a href=\"mailto:info@sabalear.es\">info@sabalear.es<\/a><\/p>\n<p>Ctra Alcudia s\/n (Camino de Conies) 07500 Manacor (Mallorca)\n        <\/p>\n\t\t\t\t\t\t<\/div>\n\t\t\t\t<\/div>\n\t\t\t\t<\/div>\n\t\t\t\t\t<\/div>\n\t\t\t\t<\/div>\n\t\t<div class=\"elementor-element elementor-element-09908ac e-flex e-con-boxed e-con e-parent\" data-id=\"09908ac\" data-element_type=\"container\">\n\t\t\t\t\t<div class=\"e-con-inner\">\n\t\t\t\t<div class=\"elementor-element elementor-element-c0e6218 contacto elementor-button-align-stretch elementor-widget elementor-widget-form\" data-id=\"c0e6218\" data-element_type=\"widget\" data-settings=\"{&quot;step_next_label&quot;:&quot;Weiter\\n        &quot;,&quot;step_previous_label&quot;:&quot;Zur\\u00fcck\\n        &quot;,&quot;button_width&quot;:&quot;100&quot;,&quot;step_type&quot;:&quot;number_text&quot;,&quot;step_icon_shape&quot;:&quot;circle&quot;}\" data-widget_type=\"form.default\">\n\t\t\t\t<div class=\"elementor-widget-container\">\n\t\t\t\t\t<form class=\"elementor-form\" method=\"post\" name=\"Neues Formular\n        \">\n\t\t\t<input type=\"hidden\" name=\"post_id\" value=\"2029\"\/>\n\t\t\t<input type=\"hidden\" name=\"form_id\" value=\"c0e6218\"\/>\n\t\t\t<input type=\"hidden\" name=\"referer_title\" value=\"Sa Balear\" \/>\n\n\t\t\t\n\t\t\t<div class=\"elementor-form-fields-wrapper elementor-labels-\">\n\t\t\t\t\t\t\t\t<div class=\"elementor-field-type-text elementor-field-group elementor-column elementor-field-group-name elementor-col-100\">\n\t\t\t\t\t\t\t\t\t\t\t\t<label for=\"form-field-name\" class=\"elementor-field-label elementor-screen-only\">\n\t\t\t\t\t\t\t\tName\n        \t\t\t\t\t\t\t<\/label>\n\t\t\t\t\t\t\t\t\t\t\t\t\t\t<input size=\"1\" type=\"text\" name=\"form_fields[name]\" id=\"form-field-name\" class=\"elementor-field elementor-size-sm  elementor-field-textual\" placeholder=\"Name\n        \">\n\t\t\t\t\t\t\t\t\t\t\t<\/div>\n\t\t\t\t\t\t\t\t<div class=\"elementor-field-type-email elementor-field-group elementor-column elementor-field-group-email elementor-col-100 elementor-field-required\">\n\t\t\t\t\t\t\t\t\t\t\t\t<label for=\"form-field-email\" class=\"elementor-field-label elementor-screen-only\">\n\t\t\t\t\t\t\t\tE-Mail\n        \t\t\t\t\t\t\t<\/label>\n\t\t\t\t\t\t\t\t\t\t\t\t\t\t<input size=\"1\" type=\"email\" name=\"form_fields[email]\" id=\"form-field-email\" class=\"elementor-field elementor-size-sm  elementor-field-textual\" placeholder=\"E-Mail\n        \" required=\"required\" aria-required=\"true\">\n\t\t\t\t\t\t\t\t\t\t\t<\/div>\n\t\t\t\t\t\t\t\t<div class=\"elementor-field-type-textarea elementor-field-group elementor-column elementor-field-group-message elementor-col-100\">\n\t\t\t\t\t\t\t\t\t\t\t\t<label for=\"form-field-message\" class=\"elementor-field-label elementor-screen-only\">\n\t\t\t\t\t\t\t\tNachricht\n        \t\t\t\t\t\t\t<\/label>\n\t\t\t\t\t\t<textarea class=\"elementor-field-textual elementor-field  elementor-size-sm\" name=\"form_fields[message]\" id=\"form-field-message\" rows=\"4\" placeholder=\"Nachricht\n        \"><\/textarea>\t\t\t\t<\/div>\n\t\t\t\t\t\t\t\t<div class=\"elementor-field-type-acceptance elementor-field-group elementor-column elementor-field-group-field_fce080f elementor-col-100 elementor-field-required\">\n\t\t\t\t\t\t\t\t\t\t\t\t<label for=\"form-field-field_fce080f\" class=\"elementor-field-label elementor-screen-only\">\n\t\t\t\t\t\t\t\tRechtlicher Hinweis\n        \t\t\t\t\t\t\t<\/label>\n\t\t\t\t\t\t\t\t<div class=\"elementor-field-subgroup\">\n\t\t\t<span class=\"elementor-field-option\">\n\t\t\t\t<input type=\"checkbox\" name=\"form_fields[field_fce080f]\" id=\"form-field-field_fce080f\" class=\"elementor-field elementor-size-sm  elementor-acceptance-field\" required=\"required\" aria-required=\"true\">\n\t\t\t\t<label for=\"form-field-field_fce080f\">Ich akzeptiere den <a href=\"https:\/\/sabalear.es\/de\/rechtlicher-hinweis\/\">rechtlichen Hinweis<\/a> sowie die <a href=\"https:\/\/sabalear.es\/politica-de-privacidad-y-cookies\/\">Datenschutz- und Cookie-Richtlinie<\/a><\/label>\t\t\t<\/span>\n\t\t<\/div>\n\t\t\t\t\t\t<\/div>\n\t\t\t\t\t\t\t\t<div class=\"elementor-field-type-recaptcha_v3 elementor-field-group elementor-column elementor-field-group-field_0eb2de2 elementor-col-100 recaptcha_v3-inline\">\n\t\t\t\t\t<div class=\"elementor-field\" id=\"form-field-field_0eb2de2\"><div class=\"elementor-g-recaptcha\" data-sitekey=\"6Lfw-tspAAAAABQfiMBPCk2Bc8URD8IT7SelSBqS\" data-type=\"v3\" data-action=\"Form\" data-badge=\"inline\" data-size=\"invisible\"><\/div><\/div>\t\t\t\t<\/div>\n\t\t\t\t\t\t\t\t<div class=\"elementor-field-group elementor-column elementor-field-type-submit elementor-col-100 e-form__buttons\">\n\t\t\t\t\t<button class=\"elementor-button elementor-size-sm\" type=\"submit\">\n\t\t\t\t\t\t<span class=\"elementor-button-content-wrapper\">\n\t\t\t\t\t\t\t\t\t\t\t\t\t\t\t\t\t\t\t\t\t\t<span class=\"elementor-button-text\">Senden\n        <\/span>\n\t\t\t\t\t\t\t\t\t\t\t\t\t<\/span>\n\t\t\t\t\t<\/button>\n\t\t\t\t<\/div>\n\t\t\t<\/div>\n\t\t<\/form>\n\t\t\t\t<\/div>\n\t\t\t\t<\/div>\n\t\t\t\t\t<\/div>\n\t\t\t\t<\/div>\n\t\t<div class=\"elementor-element elementor-element-064f75e e-con-full e-flex e-con e-parent\" data-id=\"064f75e\" data-element_type=\"container\">\n\t\t\t\t<div class=\"elementor-element elementor-element-79802ca elementor-widget elementor-widget-template\" data-id=\"79802ca\" data-element_type=\"widget\" data-widget_type=\"template.default\">\n\t\t\t\t<div class=\"elementor-widget-container\">\n\t\t\t\t\t<div class=\"elementor-template\">\n\t\t\t\t\t<div data-elementor-type=\"container\" data-elementor-id=\"2104\" class=\"elementor elementor-2104 elementor-215\" data-elementor-post-type=\"elementor_library\">\n\t\t\t\t<div class=\"elementor-element elementor-element-4d6529ea e-con-full e-flex e-con e-parent\" data-id=\"4d6529ea\" data-element_type=\"container\">\n\t\t<div class=\"elementor-element elementor-element-7699ea5d e-con-full e-flex e-con e-child\" data-id=\"7699ea5d\" data-element_type=\"container\">\n\t\t<div class=\"elementor-element elementor-element-4aec5448 e-flex e-con-boxed e-con e-child\" data-id=\"4aec5448\" data-element_type=\"container\" data-settings=\"{&quot;background_background&quot;:&quot;classic&quot;}\">\n\t\t\t\t\t<div class=\"e-con-inner\">\n\t\t\t\t<div class=\"elementor-element elementor-element-daf36a1 elementor-widget elementor-widget-heading\" data-id=\"daf36a1\" data-element_type=\"widget\" data-widget_type=\"heading.default\">\n\t\t\t\t<div class=\"elementor-widget-container\">\n\t\t\t<h2 class=\"elementor-heading-title elementor-size-default\">Entdecken Sie unsere <span style=\"color:#b8865e\"><b>Materialien<\/b><\/span><\/h2>\t\t<\/div>\n\t\t\t\t<\/div>\n\t\t\t\t\t<\/div>\n\t\t\t\t<\/div>\n\t\t\t\t<\/div>\n\t\t<div class=\"elementor-element elementor-element-673ecb38 e-con-full e-flex e-con e-child\" data-id=\"673ecb38\" data-element_type=\"container\">\n\t\t<a class=\"elementor-element elementor-element-156a42e2 e-con-full e-flex e-con e-child\" data-id=\"156a42e2\" data-element_type=\"container\" data-settings=\"{&quot;background_background&quot;:&quot;classic&quot;}\" href=\"https:\/\/sabalear.es\/materiales-naturales\/\">\n\t\t\t\t<div class=\"elementor-element elementor-element-7ac7cf0e elementor-widget elementor-widget-heading\" data-id=\"7ac7cf0e\" data-element_type=\"widget\" data-widget_type=\"heading.default\">\n\t\t\t\t<div class=\"elementor-widget-container\">\n\t\t\t<h2 class=\"elementor-heading-title elementor-size-default\">Nat\u00fcrlich\n        <\/h2>\t\t<\/div>\n\t\t\t\t<\/div>\n\t\t\t\t<div class=\"elementor-element elementor-element-a3af12a elementor-widget-divider--view-line elementor-widget elementor-widget-divider\" data-id=\"a3af12a\" data-element_type=\"widget\" data-widget_type=\"divider.default\">\n\t\t\t\t<div class=\"elementor-widget-container\">\n\t\t\t\t\t<div class=\"elementor-divider\">\n\t\t\t<span class=\"elementor-divider-separator\">\n\t\t\t\t\t\t<\/span>\n\t\t<\/div>\n\t\t\t\t<\/div>\n\t\t\t\t<\/div>\n\t\t\t\t<\/a>\n\t\t<a class=\"elementor-element elementor-element-26717753 e-con-full e-flex e-con e-child\" data-id=\"26717753\" data-element_type=\"container\" data-settings=\"{&quot;background_background&quot;:&quot;classic&quot;}\" href=\"https:\/\/sabalear.es\/materiales-sinteticos\/\">\n\t\t\t\t<div class=\"elementor-element elementor-element-1cd34aa9 elementor-widget elementor-widget-heading\" data-id=\"1cd34aa9\" data-element_type=\"widget\" data-widget_type=\"heading.default\">\n\t\t\t\t<div class=\"elementor-widget-container\">\n\t\t\t<h2 class=\"elementor-heading-title elementor-size-default\">Synthetisch\n        <\/h2>\t\t<\/div>\n\t\t\t\t<\/div>\n\t\t\t\t<div class=\"elementor-element elementor-element-6265667c elementor-widget-divider--view-line elementor-widget elementor-widget-divider\" data-id=\"6265667c\" data-element_type=\"widget\" data-widget_type=\"divider.default\">\n\t\t\t\t<div class=\"elementor-widget-container\">\n\t\t\t\t\t<div class=\"elementor-divider\">\n\t\t\t<span class=\"elementor-divider-separator\">\n\t\t\t\t\t\t<\/span>\n\t\t<\/div>\n\t\t\t\t<\/div>\n\t\t\t\t<\/div>\n\t\t\t\t<\/a>\n\t\t\t\t<\/div>\n\t\t\t\t<\/div>\n\t\t\t\t<\/div>\n\t\t\t\t<\/div>\n\t\t\t\t<\/div>\n\t\t\t\t<\/div>\n\t\t\t\t<\/div>\n\t\t<div class=\"elementor-element elementor-element-3c0c78e e-con-full e-flex e-con e-parent\" data-id=\"3c0c78e\" data-element_type=\"container\">\n\t\t\t\t<div class=\"elementor-element elementor-element-ca88387 elementor-widget elementor-widget-template\" data-id=\"ca88387\" data-element_type=\"widget\" data-widget_type=\"template.default\">\n\t\t\t\t<div class=\"elementor-widget-container\">\n\t\t\t\t\t<div class=\"elementor-template\">\n\t\t\t\t\t<div data-elementor-type=\"container\" data-elementor-id=\"2008\" class=\"elementor elementor-2008 elementor-158\" data-elementor-post-type=\"elementor_library\">\n\t\t\t\t<a class=\"elementor-element elementor-element-783d96d5 e-flex e-con-boxed e-con e-parent\" data-id=\"783d96d5\" data-element_type=\"container\" data-settings=\"{&quot;background_background&quot;:&quot;classic&quot;}\" href=\"https:\/\/sabalear.es\/acabados\/\">\n\t\t\t\t\t<div class=\"e-con-inner\">\n\t\t\t\t<div class=\"elementor-element elementor-element-6cdb7c0d elementor-widget elementor-widget-heading\" data-id=\"6cdb7c0d\" data-element_type=\"widget\" data-widget_type=\"heading.default\">\n\t\t\t\t<div class=\"elementor-widget-container\">\n\t\t\t<h2 class=\"elementor-heading-title elementor-size-default\">M\u00f6chten Sie mehr \u00fcber <b>unsere Oberfl\u00e4chebearbeitungen<\/b> erfahren?\n        <\/h2>\t\t<\/div>\n\t\t\t\t<\/div>\n\t\t\t\t\t<\/div>\n\t\t\t\t<\/a>\n\t\t\t\t<\/div>\n\t\t\t\t<\/div>\n\t\t\t\t<\/div>\n\t\t\t\t<\/div>\n\t\t\t\t<\/div>\n\t\t<div class=\"elementor-element elementor-element-f581621 e-con-full e-flex e-con e-parent\" data-id=\"f581621\" data-element_type=\"container\">\n\t\t\t\t<div class=\"elementor-element elementor-element-67a5b9b elementor-widget elementor-widget-template\" data-id=\"67a5b9b\" data-element_type=\"widget\" data-widget_type=\"template.default\">\n\t\t\t\t<div class=\"elementor-widget-container\">\n\t\t\t\t\t<div class=\"elementor-template\">\n\t\t\t\t\t<div data-elementor-type=\"container\" data-elementor-id=\"2001\" class=\"elementor elementor-2001 elementor-155\" data-elementor-post-type=\"elementor_library\">\n\t\t\t\t<div class=\"elementor-element elementor-element-194a147f e-con-full e-flex e-con e-parent\" data-id=\"194a147f\" data-element_type=\"container\">\n\t\t<div class=\"elementor-element elementor-element-62487522 e-con-full e-flex e-con e-child\" data-id=\"62487522\" data-element_type=\"container\">\n\t\t\t\t<div class=\"elementor-element elementor-element-7b84672 elementor-widget elementor-widget-heading\" data-id=\"7b84672\" data-element_type=\"widget\" data-widget_type=\"heading.default\">\n\t\t\t\t<div class=\"elementor-widget-container\">\n\t\t\t<h2 class=\"elementor-heading-title elementor-size-default\">Welche <b>Produkte<\/b> bieten wir?\n        <\/h2>\t\t<\/div>\n\t\t\t\t<\/div>\n\t\t\t\t<div class=\"elementor-element elementor-element-33586fc1 elementor-widget-divider--view-line elementor-widget elementor-widget-divider\" data-id=\"33586fc1\" data-element_type=\"widget\" data-widget_type=\"divider.default\">\n\t\t\t\t<div class=\"elementor-widget-container\">\n\t\t\t\t\t<div class=\"elementor-divider\">\n\t\t\t<span class=\"elementor-divider-separator\">\n\t\t\t\t\t\t<\/span>\n\t\t<\/div>\n\t\t\t\t<\/div>\n\t\t\t\t<\/div>\n\t\t\t\t<\/div>\n\t\t<div class=\"elementor-element elementor-element-63d9ea64 e-con-full e-flex e-con e-child\" data-id=\"63d9ea64\" data-element_type=\"container\">\n\t\t\t\t<div class=\"elementor-element elementor-element-4e849f29 elementor-align-center elementor-widget elementor-widget-button\" data-id=\"4e849f29\" data-element_type=\"widget\" data-widget_type=\"button.default\">\n\t\t\t\t<div class=\"elementor-widget-container\">\n\t\t\t\t\t<div class=\"elementor-button-wrapper\">\n\t\t\t<a class=\"elementor-button elementor-button-link elementor-size-lg\" href=\"https:\/\/sabalear.es\/productos\/\">\n\t\t\t\t\t\t<span class=\"elementor-button-content-wrapper\">\n\t\t\t\t\t\t\t\t\t<span class=\"elementor-button-text\">Unsere Produkte\n        <\/span>\n\t\t\t\t\t<\/span>\n\t\t\t\t\t<\/a>\n\t\t<\/div>\n\t\t\t\t<\/div>\n\t\t\t\t<\/div>\n\t\t\t\t<\/div>\n\t\t\t\t<\/div>\n\t\t\t\t<\/div>\n\t\t\t\t<\/div>\n\t\t\t\t<\/div>\n\t\t\t\t<\/div>\n\t\t\t\t<\/div>\n\t\t\t\t<\/div>\n\t\t","protected":false},"excerpt":{"rendered":"<p>Kontakt Tel.: 971 55 20 61 E-Mail: info@sabalear.es Ctra Alcudia s\/n (Camino de Conies) 07500 Manacor (Mallorca)<\/p>\n","protected":false},"author":1,"featured_media":0,"parent":0,"menu_order":0,"comment_status":"closed","ping_status":"closed","template":"","meta":{"footnotes":""},"class_list":["post-2029","page","type-page","status-publish","hentry"],"yoast_head":"<!-- This site is optimized with the Yoast SEO plugin v23.6 - https:\/\/yoast.com\/wordpress\/plugins\/seo\/ -->\n<title>Kontakt - Sa Balear<\/title>\n<meta name=\"description\" content=\"Kontaktieren Sie uns bei Fragen oder Anregungen, wir sind gerne f\u00fcr Sie da!\" \/>\n<meta name=\"robots\" content=\"index, follow, max-snippet:-1, max-image-preview:large, max-video-preview:-1\" \/>\n<link rel=\"canonical\" href=\"https:\/\/sabalear.es\/de\/kontakt\/\" \/>\n<meta property=\"og:locale\" content=\"de_DE\" \/>\n<meta property=\"og:type\" content=\"article\" \/>\n<meta property=\"og:title\" content=\"Kontakt - Sa Balear\" \/>\n<meta property=\"og:description\" content=\"Kontaktieren Sie uns bei Fragen oder Anregungen, wir sind gerne f\u00fcr Sie da!\" \/>\n<meta property=\"og:url\" content=\"https:\/\/sabalear.es\/de\/kontakt\/\" \/>\n<meta property=\"og:site_name\" content=\"Sa Balear\" \/>\n<meta property=\"article:modified_time\" content=\"2024-10-09T07:15:30+00:00\" \/>\n<meta name=\"twitter:card\" content=\"summary_large_image\" \/>\n<script type=\"application\/ld+json\" class=\"yoast-schema-graph\">{\"@context\":\"https:\/\/schema.org\",\"@graph\":[{\"@type\":\"WebPage\",\"@id\":\"https:\/\/sabalear.es\/de\/kontakt\/\",\"url\":\"https:\/\/sabalear.es\/de\/kontakt\/\",\"name\":\"Kontakt - Sa Balear\",\"isPartOf\":{\"@id\":\"https:\/\/sabalear.es\/de\/#website\"},\"datePublished\":\"2024-02-13T09:21:32+00:00\",\"dateModified\":\"2024-10-09T07:15:30+00:00\",\"description\":\"Kontaktieren Sie uns bei Fragen oder Anregungen, wir sind gerne f\u00fcr Sie da!\",\"breadcrumb\":{\"@id\":\"https:\/\/sabalear.es\/de\/kontakt\/#breadcrumb\"},\"inLanguage\":\"de\",\"potentialAction\":[{\"@type\":\"ReadAction\",\"target\":[\"https:\/\/sabalear.es\/de\/kontakt\/\"]}]},{\"@type\":\"BreadcrumbList\",\"@id\":\"https:\/\/sabalear.es\/de\/kontakt\/#breadcrumb\",\"itemListElement\":[{\"@type\":\"ListItem\",\"position\":1,\"name\":\"Portada\",\"item\":\"https:\/\/sabalear.es\/de\/start\/\"},{\"@type\":\"ListItem\",\"position\":2,\"name\":\"Kontakt\"}]},{\"@type\":\"WebSite\",\"@id\":\"https:\/\/sabalear.es\/de\/#website\",\"url\":\"https:\/\/sabalear.es\/de\/\",\"name\":\"Sa Balear\",\"description\":\"\",\"publisher\":{\"@id\":\"https:\/\/sabalear.es\/de\/#organization\"},\"potentialAction\":[{\"@type\":\"SearchAction\",\"target\":{\"@type\":\"EntryPoint\",\"urlTemplate\":\"https:\/\/sabalear.es\/de\/?s={search_term_string}\"},\"query-input\":{\"@type\":\"PropertyValueSpecification\",\"valueRequired\":true,\"valueName\":\"search_term_string\"}}],\"inLanguage\":\"de\"},{\"@type\":\"Organization\",\"@id\":\"https:\/\/sabalear.es\/de\/#organization\",\"name\":\"Sa Balear\",\"url\":\"https:\/\/sabalear.es\/de\/\",\"logo\":{\"@type\":\"ImageObject\",\"inLanguage\":\"de\",\"@id\":\"https:\/\/sabalear.es\/de\/#\/schema\/logo\/image\/\",\"url\":\"https:\/\/sa-balear.fra1.digitaloceanspaces.com\/wp-content\/uploads\/2024\/02\/cropped-logo2.png\",\"contentUrl\":\"https:\/\/sa-balear.fra1.digitaloceanspaces.com\/wp-content\/uploads\/2024\/02\/cropped-logo2.png\",\"width\":488,\"height\":103,\"caption\":\"Sa Balear\"},\"image\":{\"@id\":\"https:\/\/sabalear.es\/de\/#\/schema\/logo\/image\/\"}}]}<\/script>\n<!-- \/ Yoast SEO plugin. -->","yoast_head_json":{"title":"Kontakt - Sa Balear","description":"Kontaktieren Sie uns bei Fragen oder Anregungen, wir sind gerne f\u00fcr Sie da!","robots":{"index":"index","follow":"follow","max-snippet":"max-snippet:-1","max-image-preview":"max-image-preview:large","max-video-preview":"max-video-preview:-1"},"canonical":"https:\/\/sabalear.es\/de\/kontakt\/","og_locale":"de_DE","og_type":"article","og_title":"Kontakt - Sa Balear","og_description":"Kontaktieren Sie uns bei Fragen oder Anregungen, wir sind gerne f\u00fcr Sie da!","og_url":"https:\/\/sabalear.es\/de\/kontakt\/","og_site_name":"Sa Balear","article_modified_time":"2024-10-09T07:15:30+00:00","twitter_card":"summary_large_image","schema":{"@context":"https:\/\/schema.org","@graph":[{"@type":"WebPage","@id":"https:\/\/sabalear.es\/de\/kontakt\/","url":"https:\/\/sabalear.es\/de\/kontakt\/","name":"Kontakt - Sa Balear","isPartOf":{"@id":"https:\/\/sabalear.es\/de\/#website"},"datePublished":"2024-02-13T09:21:32+00:00","dateModified":"2024-10-09T07:15:30+00:00","description":"Kontaktieren Sie uns bei Fragen oder Anregungen, wir sind gerne f\u00fcr Sie da!","breadcrumb":{"@id":"https:\/\/sabalear.es\/de\/kontakt\/#breadcrumb"},"inLanguage":"de","potentialAction":[{"@type":"ReadAction","target":["https:\/\/sabalear.es\/de\/kontakt\/"]}]},{"@type":"BreadcrumbList","@id":"https:\/\/sabalear.es\/de\/kontakt\/#breadcrumb","itemListElement":[{"@type":"ListItem","position":1,"name":"Portada","item":"https:\/\/sabalear.es\/de\/start\/"},{"@type":"ListItem","position":2,"name":"Kontakt"}]},{"@type":"WebSite","@id":"https:\/\/sabalear.es\/de\/#website","url":"https:\/\/sabalear.es\/de\/","name":"Sa Balear","description":"","publisher":{"@id":"https:\/\/sabalear.es\/de\/#organization"},"potentialAction":[{"@type":"SearchAction","target":{"@type":"EntryPoint","urlTemplate":"https:\/\/sabalear.es\/de\/?s={search_term_string}"},"query-input":{"@type":"PropertyValueSpecification","valueRequired":true,"valueName":"search_term_string"}}],"inLanguage":"de"},{"@type":"Organization","@id":"https:\/\/sabalear.es\/de\/#organization","name":"Sa Balear","url":"https:\/\/sabalear.es\/de\/","logo":{"@type":"ImageObject","inLanguage":"de","@id":"https:\/\/sabalear.es\/de\/#\/schema\/logo\/image\/","url":"https:\/\/sa-balear.fra1.digitaloceanspaces.com\/wp-content\/uploads\/2024\/02\/cropped-logo2.png","contentUrl":"https:\/\/sa-balear.fra1.digitaloceanspaces.com\/wp-content\/uploads\/2024\/02\/cropped-logo2.png","width":488,"height":103,"caption":"Sa Balear"},"image":{"@id":"https:\/\/sabalear.es\/de\/#\/schema\/logo\/image\/"}}]}},"_links":{"self":[{"href":"https:\/\/sabalear.es\/de\/wp-json\/wp\/v2\/pages\/2029","targetHints":{"allow":["GET"]}}],"collection":[{"href":"https:\/\/sabalear.es\/de\/wp-json\/wp\/v2\/pages"}],"about":[{"href":"https:\/\/sabalear.es\/de\/wp-json\/wp\/v2\/types\/page"}],"author":[{"embeddable":true,"href":"https:\/\/sabalear.es\/de\/wp-json\/wp\/v2\/users\/1"}],"replies":[{"embeddable":true,"href":"https:\/\/sabalear.es\/de\/wp-json\/wp\/v2\/comments?post=2029"}],"version-history":[{"count":1,"href":"https:\/\/sabalear.es\/de\/wp-json\/wp\/v2\/pages\/2029\/revisions"}],"predecessor-version":[{"id":2035,"href":"https:\/\/sabalear.es\/de\/wp-json\/wp\/v2\/pages\/2029\/revisions\/2035"}],"wp:attachment":[{"href":"https:\/\/sabalear.es\/de\/wp-json\/wp\/v2\/media?parent=2029"}],"curies":[{"name":"wp","href":"https:\/\/api.w.org\/{rel}","templated":true}]}}