{"id":2022,"date":"2024-02-13T12:23:39","date_gmt":"2024-02-13T11:23:39","guid":{"rendered":"https:\/\/sabalear.es\/rechtlicher-hinweis\/"},"modified":"2024-10-09T09:14:59","modified_gmt":"2024-10-09T07:14:59","slug":"rechtlicher-hinweis","status":"publish","type":"page","link":"https:\/\/sabalear.es\/de\/rechtlicher-hinweis\/","title":{"rendered":"Rechtlicher Hinweis"},"content":{"rendered":"\t\t<div data-elementor-type=\"wp-page\" data-elementor-id=\"2022\" class=\"elementor elementor-2022 elementor-353\" data-elementor-post-type=\"page\">\n\t\t\t\t<div class=\"elementor-element elementor-element-5d7c17b9 e-flex e-con-boxed e-con e-parent\" data-id=\"5d7c17b9\" data-element_type=\"container\" data-settings=\"{&quot;background_background&quot;:&quot;classic&quot;}\">\n\t\t\t\t\t<div class=\"e-con-inner\">\n\t\t\t\t<div class=\"elementor-element elementor-element-2614410 elementor-widget elementor-widget-heading\" data-id=\"2614410\" data-element_type=\"widget\" data-widget_type=\"heading.default\">\n\t\t\t\t<div class=\"elementor-widget-container\">\n\t\t\t<h1 class=\"elementor-heading-title elementor-size-default\">Rechtlicher Hinweis\n        <\/h1>\t\t<\/div>\n\t\t\t\t<\/div>\n\t\t\t\t\t<\/div>\n\t\t\t\t<\/div>\n\t\t<div class=\"elementor-element elementor-element-0956d61 e-con-full e-flex e-con e-parent\" data-id=\"0956d61\" data-element_type=\"container\">\n\t\t\t\t<div class=\"elementor-element elementor-element-877f466 elementor-widget elementor-widget-text-editor\" data-id=\"877f466\" data-element_type=\"widget\" data-widget_type=\"text-editor.default\">\n\t\t\t\t<div class=\"elementor-widget-container\">\n\t\t\t\t\t\t\t<p><strong>1.- Eigentum<br \/>\n         <\/strong><\/p>\n<p>Diese Website ist Eigentum und wird betrieben von Sa Balear Marbres i Pedres S.L., mit Gesch\u00e4ftssitz in Ctra.<br \/>\n         Alc\u00fadia, s\/n &#8211; 07500 Manacor (Balearische Inseln).\n        <\/p>\n<p>CIF: B07808033\n        <\/p>\n<p>E-Mail: <a href=\"mailto:info@sabalear.es\">info@sabalear.es<\/a><\/p>\n<p>Sa Balear Marbres i Pedres S.L. (im Folgenden der Dienst).<br \/>\n         Mit der Nutzung dieser Website erhalten Sie den Status \u201eNutzer\u201c.<br \/>\n         Das bedeutet, dass Sie die unten aufgef\u00fchrten Gesch\u00e4ftsbedingungen akzeptieren und sich damit einverstanden erkl\u00e4ren, die Website nicht f\u00fcr illegale Zwecke zu nutzen.\n        <\/p>\n<p><strong>2.- Alter<br \/>\n        <\/strong><\/p>\n<p>Bez\u00fcglich der Nutzung des Dienstes erkl\u00e4ren Sie, sofern nicht anders angegeben, dass Sie vollj\u00e4hrig sind und \u00fcber die erforderliche Rechtsf\u00e4higkeit verf\u00fcgen, um sich zu binden und den Dienst gem\u00e4\u00df seinen Gesch\u00e4ftsbedingungen zu nutzen, die Sie vollst\u00e4ndig verstehen und anerkennen.<br \/>\n         Sie erkl\u00e4ren, dass alle Informationen, die Sie f\u00fcr den Zugriff auf den Dienst, vor und w\u00e4hrend seiner Nutzung, bereitstellen, wahr, vollst\u00e4ndig und akkurat sind.\n        <\/p>\n<p><strong>3.- Externe Links<br \/>\n        <\/strong><\/p>\n<p>Die Website des Dienstes leitet Sie m\u00f6glicherweise zu anderen Websites Dritter weiter.<br \/>\n         Der Dienst hat jedoch keine Kontrolle \u00fcber diese Websites oder deren Inhalte, die tats\u00e4chlich ihren eigenen Gesch\u00e4ftsbedingungen unterliegen.<br \/>\n         Aus diesem Grund ist der Dienst nicht f\u00fcr die Qualit\u00e4t, Richtigkeit oder Genauigkeit dieser Websites verantwortlich.\n        <\/p>\n<p><strong>4.- Geistiges Eigentum<br \/>\n        <\/strong><\/p>\n<p>Das Design der Website des Dienstes und ihre Inhalte, Marken und Logos sind Eigentum des Eigent\u00fcmers dieser Website oder an ihn lizenziert und unterliegen den gesetzlich vereinbarten Rechten am geistigen Eigentum.<br \/>\n         Als Nutzer erkl\u00e4ren Sie sich damit einverstanden, keine Inhalte der Website \u00fcber das hier ausdr\u00fccklich angegebene Ma\u00df hinausgehend zu verwenden, zu kopieren oder zu verbreiten.<br \/>\n         Jede von Ihnen gew\u00fcnschte kommerzielle Nutzung unserer Inhalte bedarf unserer ausdr\u00fccklichen Genehmigung.\n        <\/p>\n<p><strong>5.- Nutzerinhalt<br \/>\n        <\/strong><\/p>\n<p>Als Nutzer k\u00f6nnen Sie auf verschiedene Arten zum Dienst beitragen, beispielsweise durch das Versenden von E-Mails, das Verfassen von Kommentaren oder das Einreichen von Anregungen (im Folgenden \u201eInhalt\u201c).<br \/>\n         Wir k\u00f6nnen diesen Inhalt auf vielf\u00e4ltige Weise nutzen, wie z.B. Ihn auf der Website pr\u00e4sentieren, ihn neu formatieren, ihn in andere Sprachen \u00fcbersetzen, ihn bearbeiten, um Klarheit zu schaffen, grammatikalische Fehler korrigieren, von ihm abgeleitete Werke erstellen, ihn bewerben und verbreiten.<br \/>\n         Der Inhalt bleibt daher Ihr Eigentum, aber durch das Senden gew\u00e4hren Sie dem Dienst eine weltweite, nicht exklusive, kostenlose Nutzungslizenz, bis der Inhalt entfernt wird, \u00fcbertragbar und \u00fcber diesen Inhalt unterlizenzierbar.\n        <\/p>\n<p><strong>6.- Newsletter<br \/>\n        <\/strong><\/p>\n<p>Sie k\u00f6nnen den Newsletter des Dienstes auf der Website abonnieren.<br \/>\n         Wenn Sie zustimmen, senden wir Ihnen nur Inhalte, die sich auf den t\u00e4glichen Betrieb des Dienstes beziehen, nichts weiter.<br \/>\n         Sie k\u00f6nnen sich in jedem Fall direkt in der E-Mail von der Liste abmelden oder uns unter der Nummer 971844194 kontaktieren.<br \/>\n         Sie erkl\u00e4ren sich damit einverstanden, dass Sie die E-Mail-Adresse eines Dritten nur dann f\u00fcr die Anmeldung zum Newsletter verwenden, wenn Ihnen die ausdr\u00fcckliche Einwilligung des Dritten vorliegt.\n        <\/p>\n<p><strong>7.- Haftung<br \/>\n        <\/strong><\/p>\n<p>Soweit gesetzlich zul\u00e4ssig, ist der Dienst nicht verantwortlich f\u00fcr:\n        <\/p>\n<p><strong>a)<\/strong> etwaige Fehler oder Auslassungen im Inhalt der Website;\n         <\/p>\n<p><strong>b)<\/strong> die Nichtverf\u00fcgbarkeit der Website oder;\n        <\/p>\n<p><strong>c)<\/strong> die \u00dcbertragung von Schadsoftware oder Viren \u00fcber den Inhalt der Website, obwohl alle notwendigen technischen Ma\u00dfnahmen ergriffen werden, um dies zu verhindern.\n        <\/p>\n<p><strong>8.- \u00c4nderungen<br \/>\n        <\/strong><\/p>\n<p>Der Dienst beh\u00e4lt sich das Recht vor, unangek\u00fcndigte \u00c4nderungen vorzunehmen, die er f\u00fcr die Website als angemessen erachtet.<br \/>\n         Das bedeutet, dass der Dienst \u00fcber die Website bereitgestellte Inhalte und Services \u00e4ndern, l\u00f6schen oder hinzuf\u00fcgen kann.<br \/>\n         Zudem k\u00f6nnen diese Gesch\u00e4ftsbedingungen aktualisiert werden.<br \/>\n         Die \u00c4nderungen treten mit ihrer Ver\u00f6ffentlichung in Kraft.\n        <\/p>\n<p><strong>9.- Recht und Schiedsgerichtsbarkeit<br \/>\n        <\/strong><\/p>\n<p>Soweit m\u00f6glich unterliegt dieser Dienst spanischem Recht.<br \/>\n         Um die zivilrechtliche Beilegung von Anspr\u00fcchen zu vereinfachen und die Kosten zu senken, schlie\u00dfen wir die M\u00f6glichkeit nicht aus, uns einem Billigkeitsschiedsverfahren des Schiedsgerichtshofs der Industrie- und Handelskammern zu unterziehen.<br \/>\n         In diesem Sinne, und in \u00dcbereinstimmung mit den geltenden Vorschriften, informiert der Dienst \u00fcber die Existenz einer europ\u00e4ischen Plattform zur Online-Streitbeilegung, die die au\u00dfergerichtliche Beilegung besagter Streitigkeiten f\u00fcr auch online geschlossene Vertr\u00e4ge zwischen Verbrauchern und Internetdienstanbietern erm\u00f6glicht.<br \/>\n         Auf besagte Plattform kann \u00fcber die folgende Website zugegriffen werden: <a href=\"http:\/\/ec.europa.eu\/odr\" target=\"_blank\" rel=\"noopener\">http:\/\/ec.europa.eu\/odr<\/a><\/p>\n<p><strong>10.- Kontakt<br \/>\n        <\/strong><\/p>\n<p>Bei Fragen, Vorf\u00e4llen oder Reklamationen k\u00f6nnen Sie uns kontaktieren \u00fcber:\n        <\/p>\n<p>E-Mail: <a href=\"mailto:info@sabalear.es\">info@sabalear.es<\/a><\/p>\n<p>Postadresse: Ctra.<br \/>\n         Alc\u00fadia, s\/n &#8211; 07500 Manacor (Balearische Inseln).\n        <\/p>\n\t\t\t\t\t\t<\/div>\n\t\t\t\t<\/div>\n\t\t\t\t<\/div>\n\t\t\t\t<\/div>\n\t\t","protected":false},"excerpt":{"rendered":"<p>Rechtlicher Hinweis 1.- Eigentum Diese Website ist Eigentum und wird betrieben von Sa Balear Marbres i Pedres S.L., mit Gesch\u00e4ftssitz in Ctra. Alc\u00fadia, s\/n &#8211; 07500 Manacor (Balearische Inseln). CIF: B07808033 E-Mail: info@sabalear.es Sa Balear Marbres i Pedres S.L. (im Folgenden der Dienst). Mit der Nutzung dieser Website erhalten Sie den Status \u201eNutzer\u201c. Das bedeutet, [&hellip;]<\/p>\n","protected":false},"author":1,"featured_media":0,"parent":0,"menu_order":0,"comment_status":"closed","ping_status":"closed","template":"","meta":{"footnotes":""},"class_list":["post-2022","page","type-page","status-publish","hentry"],"yoast_head":"<!-- This site is optimized with the Yoast SEO plugin v23.6 - https:\/\/yoast.com\/wordpress\/plugins\/seo\/ -->\n<title>Rechtlicher Hinweis - Sa Balear<\/title>\n<meta name=\"robots\" content=\"noindex, nofollow\" \/>\n<meta property=\"og:locale\" content=\"de_DE\" \/>\n<meta property=\"og:type\" content=\"article\" \/>\n<meta property=\"og:title\" content=\"Rechtlicher Hinweis - Sa Balear\" \/>\n<meta property=\"og:description\" content=\"Rechtlicher Hinweis 1.- Eigentum Diese Website ist Eigentum und wird betrieben von Sa Balear Marbres i Pedres S.L., mit Gesch\u00e4ftssitz in Ctra. Alc\u00fadia, s\/n &#8211; 07500 Manacor (Balearische Inseln). CIF: B07808033 E-Mail: info@sabalear.es Sa Balear Marbres i Pedres S.L. (im Folgenden der Dienst). Mit der Nutzung dieser Website erhalten Sie den Status \u201eNutzer\u201c. Das bedeutet, [&hellip;]\" \/>\n<meta property=\"og:url\" content=\"https:\/\/sabalear.es\/de\/rechtlicher-hinweis\/\" \/>\n<meta property=\"og:site_name\" content=\"Sa Balear\" \/>\n<meta property=\"article:modified_time\" content=\"2024-10-09T07:14:59+00:00\" \/>\n<meta name=\"twitter:card\" content=\"summary_large_image\" \/>\n<meta name=\"twitter:label1\" content=\"Gesch\u00e4tzte Lesezeit\" \/>\n\t<meta name=\"twitter:data1\" content=\"4\u00a0Minuten\" \/>\n<script type=\"application\/ld+json\" class=\"yoast-schema-graph\">{\"@context\":\"https:\/\/schema.org\",\"@graph\":[{\"@type\":\"WebPage\",\"@id\":\"https:\/\/sabalear.es\/de\/rechtlicher-hinweis\/\",\"url\":\"https:\/\/sabalear.es\/de\/rechtlicher-hinweis\/\",\"name\":\"Rechtlicher Hinweis - Sa Balear\",\"isPartOf\":{\"@id\":\"https:\/\/sabalear.es\/de\/#website\"},\"datePublished\":\"2024-02-13T11:23:39+00:00\",\"dateModified\":\"2024-10-09T07:14:59+00:00\",\"breadcrumb\":{\"@id\":\"https:\/\/sabalear.es\/de\/rechtlicher-hinweis\/#breadcrumb\"},\"inLanguage\":\"de\",\"potentialAction\":[{\"@type\":\"ReadAction\",\"target\":[\"https:\/\/sabalear.es\/de\/rechtlicher-hinweis\/\"]}]},{\"@type\":\"BreadcrumbList\",\"@id\":\"https:\/\/sabalear.es\/de\/rechtlicher-hinweis\/#breadcrumb\",\"itemListElement\":[{\"@type\":\"ListItem\",\"position\":1,\"name\":\"Portada\",\"item\":\"https:\/\/sabalear.es\/de\/start\/\"},{\"@type\":\"ListItem\",\"position\":2,\"name\":\"Rechtlicher Hinweis\"}]},{\"@type\":\"WebSite\",\"@id\":\"https:\/\/sabalear.es\/de\/#website\",\"url\":\"https:\/\/sabalear.es\/de\/\",\"name\":\"Sa Balear\",\"description\":\"\",\"publisher\":{\"@id\":\"https:\/\/sabalear.es\/de\/#organization\"},\"potentialAction\":[{\"@type\":\"SearchAction\",\"target\":{\"@type\":\"EntryPoint\",\"urlTemplate\":\"https:\/\/sabalear.es\/de\/?s={search_term_string}\"},\"query-input\":{\"@type\":\"PropertyValueSpecification\",\"valueRequired\":true,\"valueName\":\"search_term_string\"}}],\"inLanguage\":\"de\"},{\"@type\":\"Organization\",\"@id\":\"https:\/\/sabalear.es\/de\/#organization\",\"name\":\"Sa Balear\",\"url\":\"https:\/\/sabalear.es\/de\/\",\"logo\":{\"@type\":\"ImageObject\",\"inLanguage\":\"de\",\"@id\":\"https:\/\/sabalear.es\/de\/#\/schema\/logo\/image\/\",\"url\":\"https:\/\/sa-balear.fra1.digitaloceanspaces.com\/wp-content\/uploads\/2024\/02\/cropped-logo2.png\",\"contentUrl\":\"https:\/\/sa-balear.fra1.digitaloceanspaces.com\/wp-content\/uploads\/2024\/02\/cropped-logo2.png\",\"width\":488,\"height\":103,\"caption\":\"Sa Balear\"},\"image\":{\"@id\":\"https:\/\/sabalear.es\/de\/#\/schema\/logo\/image\/\"}}]}<\/script>\n<!-- \/ Yoast SEO plugin. -->","yoast_head_json":{"title":"Rechtlicher Hinweis - Sa Balear","robots":{"index":"noindex","follow":"nofollow"},"og_locale":"de_DE","og_type":"article","og_title":"Rechtlicher Hinweis - Sa Balear","og_description":"Rechtlicher Hinweis 1.- Eigentum Diese Website ist Eigentum und wird betrieben von Sa Balear Marbres i Pedres S.L., mit Gesch\u00e4ftssitz in Ctra. Alc\u00fadia, s\/n &#8211; 07500 Manacor (Balearische Inseln). CIF: B07808033 E-Mail: info@sabalear.es Sa Balear Marbres i Pedres S.L. (im Folgenden der Dienst). Mit der Nutzung dieser Website erhalten Sie den Status \u201eNutzer\u201c. Das bedeutet, [&hellip;]","og_url":"https:\/\/sabalear.es\/de\/rechtlicher-hinweis\/","og_site_name":"Sa Balear","article_modified_time":"2024-10-09T07:14:59+00:00","twitter_card":"summary_large_image","twitter_misc":{"Gesch\u00e4tzte Lesezeit":"4\u00a0Minuten"},"schema":{"@context":"https:\/\/schema.org","@graph":[{"@type":"WebPage","@id":"https:\/\/sabalear.es\/de\/rechtlicher-hinweis\/","url":"https:\/\/sabalear.es\/de\/rechtlicher-hinweis\/","name":"Rechtlicher Hinweis - Sa Balear","isPartOf":{"@id":"https:\/\/sabalear.es\/de\/#website"},"datePublished":"2024-02-13T11:23:39+00:00","dateModified":"2024-10-09T07:14:59+00:00","breadcrumb":{"@id":"https:\/\/sabalear.es\/de\/rechtlicher-hinweis\/#breadcrumb"},"inLanguage":"de","potentialAction":[{"@type":"ReadAction","target":["https:\/\/sabalear.es\/de\/rechtlicher-hinweis\/"]}]},{"@type":"BreadcrumbList","@id":"https:\/\/sabalear.es\/de\/rechtlicher-hinweis\/#breadcrumb","itemListElement":[{"@type":"ListItem","position":1,"name":"Portada","item":"https:\/\/sabalear.es\/de\/start\/"},{"@type":"ListItem","position":2,"name":"Rechtlicher Hinweis"}]},{"@type":"WebSite","@id":"https:\/\/sabalear.es\/de\/#website","url":"https:\/\/sabalear.es\/de\/","name":"Sa Balear","description":"","publisher":{"@id":"https:\/\/sabalear.es\/de\/#organization"},"potentialAction":[{"@type":"SearchAction","target":{"@type":"EntryPoint","urlTemplate":"https:\/\/sabalear.es\/de\/?s={search_term_string}"},"query-input":{"@type":"PropertyValueSpecification","valueRequired":true,"valueName":"search_term_string"}}],"inLanguage":"de"},{"@type":"Organization","@id":"https:\/\/sabalear.es\/de\/#organization","name":"Sa Balear","url":"https:\/\/sabalear.es\/de\/","logo":{"@type":"ImageObject","inLanguage":"de","@id":"https:\/\/sabalear.es\/de\/#\/schema\/logo\/image\/","url":"https:\/\/sa-balear.fra1.digitaloceanspaces.com\/wp-content\/uploads\/2024\/02\/cropped-logo2.png","contentUrl":"https:\/\/sa-balear.fra1.digitaloceanspaces.com\/wp-content\/uploads\/2024\/02\/cropped-logo2.png","width":488,"height":103,"caption":"Sa Balear"},"image":{"@id":"https:\/\/sabalear.es\/de\/#\/schema\/logo\/image\/"}}]}},"_links":{"self":[{"href":"https:\/\/sabalear.es\/de\/wp-json\/wp\/v2\/pages\/2022","targetHints":{"allow":["GET"]}}],"collection":[{"href":"https:\/\/sabalear.es\/de\/wp-json\/wp\/v2\/pages"}],"about":[{"href":"https:\/\/sabalear.es\/de\/wp-json\/wp\/v2\/types\/page"}],"author":[{"embeddable":true,"href":"https:\/\/sabalear.es\/de\/wp-json\/wp\/v2\/users\/1"}],"replies":[{"embeddable":true,"href":"https:\/\/sabalear.es\/de\/wp-json\/wp\/v2\/comments?post=2022"}],"version-history":[{"count":1,"href":"https:\/\/sabalear.es\/de\/wp-json\/wp\/v2\/pages\/2022\/revisions"}],"predecessor-version":[{"id":2027,"href":"https:\/\/sabalear.es\/de\/wp-json\/wp\/v2\/pages\/2022\/revisions\/2027"}],"wp:attachment":[{"href":"https:\/\/sabalear.es\/de\/wp-json\/wp\/v2\/media?parent=2022"}],"curies":[{"name":"wp","href":"https:\/\/api.w.org\/{rel}","templated":true}]}}