{"id":1958,"date":"2024-02-08T08:51:41","date_gmt":"2024-02-08T07:51:41","guid":{"rendered":"https:\/\/sabalear.es\/inici\/"},"modified":"2024-10-08T13:34:08","modified_gmt":"2024-10-08T11:34:08","slug":"inici","status":"publish","type":"page","link":"https:\/\/sabalear.es\/ca\/","title":{"rendered":"Inici"},"content":{"rendered":"\t\t<div data-elementor-type=\"wp-page\" data-elementor-id=\"1958\" class=\"elementor elementor-1958 elementor-2\" data-elementor-post-type=\"page\">\n\t\t\t\t<div class=\"elementor-element elementor-element-5d7c17b9 e-flex e-con-boxed e-con e-parent\" data-id=\"5d7c17b9\" data-element_type=\"container\" data-settings=\"{&quot;background_background&quot;:&quot;classic&quot;}\">\n\t\t\t\t\t<div class=\"e-con-inner\">\n\t\t\t\t<div class=\"elementor-element elementor-element-2614410 elementor-widget elementor-widget-heading\" data-id=\"2614410\" data-element_type=\"widget\" data-widget_type=\"heading.default\">\n\t\t\t\t<div class=\"elementor-widget-container\">\n\t\t\t<h1 class=\"elementor-heading-title elementor-size-default\"><b>Marbres i pedres<\/b><br> aplicats als espais<\/h1>\t\t<\/div>\n\t\t\t\t<\/div>\n\t\t\t\t\t<\/div>\n\t\t\t\t<\/div>\n\t\t<div class=\"elementor-element elementor-element-bd5c5ad e-con-full e-flex e-con e-parent\" data-id=\"bd5c5ad\" data-element_type=\"container\">\n\t\t<div class=\"elementor-element elementor-element-e6be1f0 e-con-full e-flex e-con e-child\" data-id=\"e6be1f0\" data-element_type=\"container\">\n\t\t\t\t<div class=\"elementor-element elementor-element-4aefb3f elementor-widget__width-initial elementor-widget-tablet__width-inherit elementor-widget elementor-widget-image\" data-id=\"4aefb3f\" data-element_type=\"widget\" data-widget_type=\"image.default\">\n\t\t\t\t<div class=\"elementor-widget-container\">\n\t\t\t\t\t\t\t\t\t\t\t\t\t<img fetchpriority=\"high\" decoding=\"async\" width=\"560\" height=\"640\" src=\"https:\/\/sa-balear.fra1.digitaloceanspaces.com\/wp-content\/uploads\/2024\/02\/Pilars.svg\" class=\"attachment-large size-large wp-image-20\" alt=\"\" \/>\t\t\t\t\t\t\t\t\t\t\t\t\t<\/div>\n\t\t\t\t<\/div>\n\t\t\t\t<div class=\"elementor-element elementor-element-26733f6 elementor-widget__width-initial elementor-widget-tablet__width-inherit elementor-widget elementor-widget-text-editor\" data-id=\"26733f6\" data-element_type=\"widget\" data-widget_type=\"text-editor.default\">\n\t\t\t\t<div class=\"elementor-widget-container\">\n\t\t\t\t\t\t\t<h2>Sa Balear \u2013 Marbre i pedra a Mallorca<\/h2>\n<p>Som Sa Balear, una empresa l\u00edder al nostre sector amb seu a les Balears. Ens destaquem per tenir cura de tots els detalls, des del tracte que oferim als nostres clients fins a la selecci\u00f3 acurada de prove\u00efdors i la incorporaci\u00f3 de tecnologies d&#8217;avantguarda. En el nostre enfocament, brindem serveis personalitzats i lliurem treballs d&#8217;alta qualitat, recolzats per un equip hum\u00e0 seleccionat per les seves habilitats t\u00e8cniques i humanes.  <\/p>\n<p>La nostra ubicaci\u00f3 estrat\u00e8gica ens permet comptar amb una botiga-exposici\u00f3 de dues plantes i una nau industrial equipada amb maquin\u00e0ria d&#8217;alta precisi\u00f3, cosa que ens permet desenvolupar treballs gaireb\u00e9 artesanals a preus competitius. A m\u00e9s, tot el nostre proc\u00e9s de fabricaci\u00f3 est\u00e0 completament informatitzat, cosa que ens permet aprofitar al m\u00e0xim programes de disseny moderns per a la realitzaci\u00f3 de pl\u00e0nols i projectes. <\/p>\n<p>Al llarg dels anys, hem establert col\u00b7laboracions amb firmes de decoraci\u00f3, arquitectes i altres professionals prestigiosos, cosa que avala la qualitat dels nostres treballs i la satisfacci\u00f3 dels nostres clients, que ens han brindat la seva confian\u00e7a al llarg de molts anys d&#8217;experi\u00e8ncia. . A Sa Balear treballem amb passi\u00f3 i dedicaci\u00f3 per continuar mantenint-nos a l&#8217;avantguarda del nostre sector i brindar el millor servei possible a tots aquells que confien en nosaltres. <\/p>\t\t\t\t\t\t<\/div>\n\t\t\t\t<\/div>\n\t\t\t\t<\/div>\n\t\t<div class=\"elementor-element elementor-element-56336c8 e-flex e-con-boxed e-con e-child\" data-id=\"56336c8\" data-element_type=\"container\" data-settings=\"{&quot;background_background&quot;:&quot;classic&quot;}\">\n\t\t\t\t\t<div class=\"e-con-inner\">\n\t\t\t\t<div class=\"elementor-element elementor-element-4ae0a99 elementor-widget elementor-widget-heading\" data-id=\"4ae0a99\" data-element_type=\"widget\" data-widget_type=\"heading.default\">\n\t\t\t\t<div class=\"elementor-widget-container\">\n\t\t\t<h2 class=\"elementor-heading-title elementor-size-default\">Descobreix els nostres <span style=\"color:#b8865e\"><b>materials<\/b><\/span><\/h2>\t\t<\/div>\n\t\t\t\t<\/div>\n\t\t\t\t\t<\/div>\n\t\t\t\t<\/div>\n\t\t\t\t<\/div>\n\t\t<div class=\"elementor-element elementor-element-877aece e-con-full e-flex e-con e-parent\" data-id=\"877aece\" data-element_type=\"container\">\n\t\t\t\t<div class=\"elementor-element elementor-element-59d3a41 elementor-widget elementor-widget-template\" data-id=\"59d3a41\" data-element_type=\"widget\" data-widget_type=\"template.default\">\n\t\t\t\t<div class=\"elementor-widget-container\">\n\t\t\t\t\t<div class=\"elementor-template\">\n\t\t\t\t\t<div data-elementor-type=\"container\" data-elementor-id=\"151\" class=\"elementor elementor-151\" data-elementor-post-type=\"elementor_library\">\n\t\t\t\t<div class=\"elementor-element elementor-element-450e7aa0 e-con-full e-flex e-con e-parent\" data-id=\"450e7aa0\" data-element_type=\"container\">\n\t\t<a class=\"elementor-element elementor-element-6d35531f e-con-full e-flex e-con e-child\" data-id=\"6d35531f\" data-element_type=\"container\" data-settings=\"{&quot;background_background&quot;:&quot;classic&quot;}\" href=\"\/materiales-naturales\">\n\t\t\t\t<div class=\"elementor-element elementor-element-288281a8 elementor-widget elementor-widget-heading\" data-id=\"288281a8\" data-element_type=\"widget\" data-widget_type=\"heading.default\">\n\t\t\t\t<div class=\"elementor-widget-container\">\n\t\t\t<h2 class=\"elementor-heading-title elementor-size-default\">Naturales<\/h2>\t\t<\/div>\n\t\t\t\t<\/div>\n\t\t\t\t<div class=\"elementor-element elementor-element-6fcc153 elementor-widget-divider--view-line elementor-widget elementor-widget-divider\" data-id=\"6fcc153\" data-element_type=\"widget\" data-widget_type=\"divider.default\">\n\t\t\t\t<div class=\"elementor-widget-container\">\n\t\t\t\t\t<div class=\"elementor-divider\">\n\t\t\t<span class=\"elementor-divider-separator\">\n\t\t\t\t\t\t<\/span>\n\t\t<\/div>\n\t\t\t\t<\/div>\n\t\t\t\t<\/div>\n\t\t\t\t<\/a>\n\t\t<a class=\"elementor-element elementor-element-7173d644 e-con-full e-flex e-con e-child\" data-id=\"7173d644\" data-element_type=\"container\" data-settings=\"{&quot;background_background&quot;:&quot;classic&quot;}\" href=\"\/materiales-sinteticos\">\n\t\t\t\t<div class=\"elementor-element elementor-element-376ad2f6 elementor-widget elementor-widget-heading\" data-id=\"376ad2f6\" data-element_type=\"widget\" data-widget_type=\"heading.default\">\n\t\t\t\t<div class=\"elementor-widget-container\">\n\t\t\t<h2 class=\"elementor-heading-title elementor-size-default\">Sint\u00e9ticos<\/h2>\t\t<\/div>\n\t\t\t\t<\/div>\n\t\t\t\t<div class=\"elementor-element elementor-element-532ead94 elementor-widget-divider--view-line elementor-widget elementor-widget-divider\" data-id=\"532ead94\" data-element_type=\"widget\" data-widget_type=\"divider.default\">\n\t\t\t\t<div class=\"elementor-widget-container\">\n\t\t\t\t\t<div class=\"elementor-divider\">\n\t\t\t<span class=\"elementor-divider-separator\">\n\t\t\t\t\t\t<\/span>\n\t\t<\/div>\n\t\t\t\t<\/div>\n\t\t\t\t<\/div>\n\t\t\t\t<\/a>\n\t\t\t\t<\/div>\n\t\t\t\t<\/div>\n\t\t\t\t<\/div>\n\t\t\t\t<\/div>\n\t\t\t\t<\/div>\n\t\t\t\t<\/div>\n\t\t<div class=\"elementor-element elementor-element-90102eb e-con-full e-flex e-con e-parent\" data-id=\"90102eb\" data-element_type=\"container\">\n\t\t\t\t<div class=\"elementor-element elementor-element-d8aede6 elementor-widget elementor-widget-template\" data-id=\"d8aede6\" data-element_type=\"widget\" data-widget_type=\"template.default\">\n\t\t\t\t<div class=\"elementor-widget-container\">\n\t\t\t\t\t<div class=\"elementor-template\">\n\t\t\t\t\t<div data-elementor-type=\"container\" data-elementor-id=\"155\" class=\"elementor elementor-155\" data-elementor-post-type=\"elementor_library\">\n\t\t\t\t<div class=\"elementor-element elementor-element-194a147f e-con-full e-flex e-con e-parent\" data-id=\"194a147f\" data-element_type=\"container\">\n\t\t<div class=\"elementor-element elementor-element-62487522 e-con-full e-flex e-con e-child\" data-id=\"62487522\" data-element_type=\"container\">\n\t\t\t\t<div class=\"elementor-element elementor-element-7b84672 elementor-widget elementor-widget-heading\" data-id=\"7b84672\" data-element_type=\"widget\" data-widget_type=\"heading.default\">\n\t\t\t\t<div class=\"elementor-widget-container\">\n\t\t\t<h2 class=\"elementor-heading-title elementor-size-default\">\u00bfQu\u00e9 <b>productos<\/b> trabajamos?<\/h2>\t\t<\/div>\n\t\t\t\t<\/div>\n\t\t\t\t<div class=\"elementor-element elementor-element-33586fc1 elementor-widget-divider--view-line elementor-widget elementor-widget-divider\" data-id=\"33586fc1\" data-element_type=\"widget\" data-widget_type=\"divider.default\">\n\t\t\t\t<div class=\"elementor-widget-container\">\n\t\t\t\t\t<div class=\"elementor-divider\">\n\t\t\t<span class=\"elementor-divider-separator\">\n\t\t\t\t\t\t<\/span>\n\t\t<\/div>\n\t\t\t\t<\/div>\n\t\t\t\t<\/div>\n\t\t\t\t<\/div>\n\t\t<div class=\"elementor-element elementor-element-63d9ea64 e-con-full e-flex e-con e-child\" data-id=\"63d9ea64\" data-element_type=\"container\">\n\t\t\t\t<div class=\"elementor-element elementor-element-4e849f29 elementor-align-center elementor-widget elementor-widget-button\" data-id=\"4e849f29\" data-element_type=\"widget\" data-widget_type=\"button.default\">\n\t\t\t\t<div class=\"elementor-widget-container\">\n\t\t\t\t\t<div class=\"elementor-button-wrapper\">\n\t\t\t<a class=\"elementor-button elementor-button-link elementor-size-lg\" href=\"\/productos\">\n\t\t\t\t\t\t<span class=\"elementor-button-content-wrapper\">\n\t\t\t\t\t\t\t\t\t<span class=\"elementor-button-text\">Nuestros productos<\/span>\n\t\t\t\t\t<\/span>\n\t\t\t\t\t<\/a>\n\t\t<\/div>\n\t\t\t\t<\/div>\n\t\t\t\t<\/div>\n\t\t\t\t<\/div>\n\t\t\t\t<\/div>\n\t\t\t\t<\/div>\n\t\t\t\t<\/div>\n\t\t\t\t<\/div>\n\t\t\t\t<\/div>\n\t\t\t\t<\/div>\n\t\t<div class=\"elementor-element elementor-element-cfd05b8 e-con-full e-flex e-con e-parent\" data-id=\"cfd05b8\" data-element_type=\"container\">\n\t\t\t\t<div class=\"elementor-element elementor-element-2fe97b3 elementor-widget elementor-widget-template\" data-id=\"2fe97b3\" data-element_type=\"widget\" data-widget_type=\"template.default\">\n\t\t\t\t<div class=\"elementor-widget-container\">\n\t\t\t\t\t<div class=\"elementor-template\">\n\t\t\t\t\t<div data-elementor-type=\"container\" data-elementor-id=\"158\" class=\"elementor elementor-158\" data-elementor-post-type=\"elementor_library\">\n\t\t\t\t<a class=\"elementor-element elementor-element-783d96d5 e-flex e-con-boxed e-con e-parent\" data-id=\"783d96d5\" data-element_type=\"container\" data-settings=\"{&quot;background_background&quot;:&quot;classic&quot;}\" href=\"\/acabados\">\n\t\t\t\t\t<div class=\"e-con-inner\">\n\t\t\t\t<div class=\"elementor-element elementor-element-6cdb7c0d elementor-widget elementor-widget-heading\" data-id=\"6cdb7c0d\" data-element_type=\"widget\" data-widget_type=\"heading.default\">\n\t\t\t\t<div class=\"elementor-widget-container\">\n\t\t\t<h2 class=\"elementor-heading-title elementor-size-default\">\u00bfQuieres saber m\u00e1s sobre <b>nuestros acabados<\/b>?<\/h2>\t\t<\/div>\n\t\t\t\t<\/div>\n\t\t\t\t\t<\/div>\n\t\t\t\t<\/a>\n\t\t\t\t<\/div>\n\t\t\t\t<\/div>\n\t\t\t\t<\/div>\n\t\t\t\t<\/div>\n\t\t\t\t<\/div>\n\t\t\t\t<\/div>\n\t\t","protected":false},"excerpt":{"rendered":"<p>Marbres i pedres aplicats als espais Sa Balear \u2013 Marbre i pedra a Mallorca Som Sa Balear, una empresa l\u00edder al nostre sector amb seu a les Balears. Ens destaquem per tenir cura de tots els detalls, des del tracte que oferim als nostres clients fins a la selecci\u00f3 acurada de prove\u00efdors i la incorporaci\u00f3 [&hellip;]<\/p>\n","protected":false},"author":1,"featured_media":0,"parent":0,"menu_order":0,"comment_status":"closed","ping_status":"closed","template":"","meta":{"footnotes":""},"class_list":["post-1958","page","type-page","status-publish","hentry"],"yoast_head":"<!-- This site is optimized with the Yoast SEO plugin v23.6 - https:\/\/yoast.com\/wordpress\/plugins\/seo\/ -->\n<title>Marbre i pedra a Mallorca \u2013 Sa Balear<\/title>\n<meta name=\"description\" content=\"Som una marbreria ubicada a Manacor (Mallorca) que ven materials naturals i sint\u00e8tics de marbre i pedra.\" \/>\n<meta name=\"robots\" content=\"index, follow, max-snippet:-1, max-image-preview:large, max-video-preview:-1\" \/>\n<link rel=\"canonical\" href=\"https:\/\/sabalear.es\/ca\/\" \/>\n<meta property=\"og:locale\" content=\"ca_ES\" \/>\n<meta property=\"og:type\" content=\"article\" \/>\n<meta property=\"og:title\" content=\"Marbre i pedra a Mallorca \u2013 Sa Balear\" \/>\n<meta property=\"og:description\" content=\"Som una marbreria ubicada a Manacor (Mallorca) que ven materials naturals i sint\u00e8tics de marbre i pedra.\" \/>\n<meta property=\"og:url\" content=\"https:\/\/sabalear.es\/ca\/\" \/>\n<meta property=\"og:site_name\" content=\"Sa Balear\" \/>\n<meta property=\"article:modified_time\" content=\"2024-10-08T11:34:08+00:00\" \/>\n<meta property=\"og:image\" content=\"https:\/\/sabalear.es\/wp-content\/uploads\/2024\/02\/Pilars.svg\" \/>\n<meta name=\"twitter:card\" content=\"summary_large_image\" \/>\n<meta name=\"twitter:label1\" content=\"Temps estimat de lectura\" \/>\n\t<meta name=\"twitter:data1\" content=\"1 minut\" \/>\n<script type=\"application\/ld+json\" class=\"yoast-schema-graph\">{\"@context\":\"https:\/\/schema.org\",\"@graph\":[{\"@type\":\"WebPage\",\"@id\":\"https:\/\/sabalear.es\/ca\/\",\"url\":\"https:\/\/sabalear.es\/ca\/\",\"name\":\"Marbre i pedra a Mallorca \u2013 Sa Balear\",\"isPartOf\":{\"@id\":\"https:\/\/sabalear.es\/ca\/#website\"},\"primaryImageOfPage\":{\"@id\":\"https:\/\/sabalear.es\/ca\/#primaryimage\"},\"image\":{\"@id\":\"https:\/\/sabalear.es\/ca\/#primaryimage\"},\"thumbnailUrl\":\"https:\/\/sabalear.es\/wp-content\/uploads\/2024\/02\/Pilars.svg\",\"datePublished\":\"2024-02-08T07:51:41+00:00\",\"dateModified\":\"2024-10-08T11:34:08+00:00\",\"description\":\"Som una marbreria ubicada a Manacor (Mallorca) que ven materials naturals i sint\u00e8tics de marbre i pedra.\",\"breadcrumb\":{\"@id\":\"https:\/\/sabalear.es\/ca\/#breadcrumb\"},\"inLanguage\":\"ca\",\"potentialAction\":[{\"@type\":\"ReadAction\",\"target\":[\"https:\/\/sabalear.es\/ca\/\"]}]},{\"@type\":\"ImageObject\",\"inLanguage\":\"ca\",\"@id\":\"https:\/\/sabalear.es\/ca\/#primaryimage\",\"url\":\"https:\/\/sabalear.es\/wp-content\/uploads\/2024\/02\/Pilars.svg\",\"contentUrl\":\"https:\/\/sabalear.es\/wp-content\/uploads\/2024\/02\/Pilars.svg\"},{\"@type\":\"BreadcrumbList\",\"@id\":\"https:\/\/sabalear.es\/ca\/#breadcrumb\",\"itemListElement\":[{\"@type\":\"ListItem\",\"position\":1,\"name\":\"Portada\",\"item\":\"https:\/\/sabalear.es\/ca\/inici\/\"},{\"@type\":\"ListItem\",\"position\":2,\"name\":\"Inici\"}]},{\"@type\":\"WebSite\",\"@id\":\"https:\/\/sabalear.es\/ca\/#website\",\"url\":\"https:\/\/sabalear.es\/ca\/\",\"name\":\"Sa Balear\",\"description\":\"\",\"publisher\":{\"@id\":\"https:\/\/sabalear.es\/ca\/#organization\"},\"potentialAction\":[{\"@type\":\"SearchAction\",\"target\":{\"@type\":\"EntryPoint\",\"urlTemplate\":\"https:\/\/sabalear.es\/ca\/?s={search_term_string}\"},\"query-input\":{\"@type\":\"PropertyValueSpecification\",\"valueRequired\":true,\"valueName\":\"search_term_string\"}}],\"inLanguage\":\"ca\"},{\"@type\":\"Organization\",\"@id\":\"https:\/\/sabalear.es\/ca\/#organization\",\"name\":\"Sa Balear\",\"url\":\"https:\/\/sabalear.es\/ca\/\",\"logo\":{\"@type\":\"ImageObject\",\"inLanguage\":\"ca\",\"@id\":\"https:\/\/sabalear.es\/ca\/#\/schema\/logo\/image\/\",\"url\":\"https:\/\/sa-balear.fra1.digitaloceanspaces.com\/wp-content\/uploads\/2024\/02\/cropped-logo2.png\",\"contentUrl\":\"https:\/\/sa-balear.fra1.digitaloceanspaces.com\/wp-content\/uploads\/2024\/02\/cropped-logo2.png\",\"width\":488,\"height\":103,\"caption\":\"Sa Balear\"},\"image\":{\"@id\":\"https:\/\/sabalear.es\/ca\/#\/schema\/logo\/image\/\"}}]}<\/script>\n<!-- \/ Yoast SEO plugin. -->","yoast_head_json":{"title":"Marbre i pedra a Mallorca \u2013 Sa Balear","description":"Som una marbreria ubicada a Manacor (Mallorca) que ven materials naturals i sint\u00e8tics de marbre i pedra.","robots":{"index":"index","follow":"follow","max-snippet":"max-snippet:-1","max-image-preview":"max-image-preview:large","max-video-preview":"max-video-preview:-1"},"canonical":"https:\/\/sabalear.es\/ca\/","og_locale":"ca_ES","og_type":"article","og_title":"Marbre i pedra a Mallorca \u2013 Sa Balear","og_description":"Som una marbreria ubicada a Manacor (Mallorca) que ven materials naturals i sint\u00e8tics de marbre i pedra.","og_url":"https:\/\/sabalear.es\/ca\/","og_site_name":"Sa Balear","article_modified_time":"2024-10-08T11:34:08+00:00","og_image":[{"url":"https:\/\/sabalear.es\/wp-content\/uploads\/2024\/02\/Pilars.svg"}],"twitter_card":"summary_large_image","twitter_misc":{"Temps estimat de lectura":"1 minut"},"schema":{"@context":"https:\/\/schema.org","@graph":[{"@type":"WebPage","@id":"https:\/\/sabalear.es\/ca\/","url":"https:\/\/sabalear.es\/ca\/","name":"Marbre i pedra a Mallorca \u2013 Sa Balear","isPartOf":{"@id":"https:\/\/sabalear.es\/ca\/#website"},"primaryImageOfPage":{"@id":"https:\/\/sabalear.es\/ca\/#primaryimage"},"image":{"@id":"https:\/\/sabalear.es\/ca\/#primaryimage"},"thumbnailUrl":"https:\/\/sabalear.es\/wp-content\/uploads\/2024\/02\/Pilars.svg","datePublished":"2024-02-08T07:51:41+00:00","dateModified":"2024-10-08T11:34:08+00:00","description":"Som una marbreria ubicada a Manacor (Mallorca) que ven materials naturals i sint\u00e8tics de marbre i pedra.","breadcrumb":{"@id":"https:\/\/sabalear.es\/ca\/#breadcrumb"},"inLanguage":"ca","potentialAction":[{"@type":"ReadAction","target":["https:\/\/sabalear.es\/ca\/"]}]},{"@type":"ImageObject","inLanguage":"ca","@id":"https:\/\/sabalear.es\/ca\/#primaryimage","url":"https:\/\/sabalear.es\/wp-content\/uploads\/2024\/02\/Pilars.svg","contentUrl":"https:\/\/sabalear.es\/wp-content\/uploads\/2024\/02\/Pilars.svg"},{"@type":"BreadcrumbList","@id":"https:\/\/sabalear.es\/ca\/#breadcrumb","itemListElement":[{"@type":"ListItem","position":1,"name":"Portada","item":"https:\/\/sabalear.es\/ca\/inici\/"},{"@type":"ListItem","position":2,"name":"Inici"}]},{"@type":"WebSite","@id":"https:\/\/sabalear.es\/ca\/#website","url":"https:\/\/sabalear.es\/ca\/","name":"Sa Balear","description":"","publisher":{"@id":"https:\/\/sabalear.es\/ca\/#organization"},"potentialAction":[{"@type":"SearchAction","target":{"@type":"EntryPoint","urlTemplate":"https:\/\/sabalear.es\/ca\/?s={search_term_string}"},"query-input":{"@type":"PropertyValueSpecification","valueRequired":true,"valueName":"search_term_string"}}],"inLanguage":"ca"},{"@type":"Organization","@id":"https:\/\/sabalear.es\/ca\/#organization","name":"Sa Balear","url":"https:\/\/sabalear.es\/ca\/","logo":{"@type":"ImageObject","inLanguage":"ca","@id":"https:\/\/sabalear.es\/ca\/#\/schema\/logo\/image\/","url":"https:\/\/sa-balear.fra1.digitaloceanspaces.com\/wp-content\/uploads\/2024\/02\/cropped-logo2.png","contentUrl":"https:\/\/sa-balear.fra1.digitaloceanspaces.com\/wp-content\/uploads\/2024\/02\/cropped-logo2.png","width":488,"height":103,"caption":"Sa Balear"},"image":{"@id":"https:\/\/sabalear.es\/ca\/#\/schema\/logo\/image\/"}}]}},"_links":{"self":[{"href":"https:\/\/sabalear.es\/ca\/wp-json\/wp\/v2\/pages\/1958","targetHints":{"allow":["GET"]}}],"collection":[{"href":"https:\/\/sabalear.es\/ca\/wp-json\/wp\/v2\/pages"}],"about":[{"href":"https:\/\/sabalear.es\/ca\/wp-json\/wp\/v2\/types\/page"}],"author":[{"embeddable":true,"href":"https:\/\/sabalear.es\/ca\/wp-json\/wp\/v2\/users\/1"}],"replies":[{"embeddable":true,"href":"https:\/\/sabalear.es\/ca\/wp-json\/wp\/v2\/comments?post=1958"}],"version-history":[{"count":1,"href":"https:\/\/sabalear.es\/ca\/wp-json\/wp\/v2\/pages\/1958\/revisions"}],"predecessor-version":[{"id":1963,"href":"https:\/\/sabalear.es\/ca\/wp-json\/wp\/v2\/pages\/1958\/revisions\/1963"}],"wp:attachment":[{"href":"https:\/\/sabalear.es\/ca\/wp-json\/wp\/v2\/media?parent=1958"}],"curies":[{"name":"wp","href":"https:\/\/api.w.org\/{rel}","templated":true}]}}